{"id":440,"date":"2022-10-12T10:52:42","date_gmt":"2022-10-12T13:52:42","guid":{"rendered":"https:\/\/pambiental.agileprodutora.com.br\/?page_id=440"},"modified":"2025-02-18T12:32:17","modified_gmt":"2025-02-18T15:32:17","slug":"contato","status":"publish","type":"page","link":"https:\/\/projetoambiental.com.br\/en\/contato\/","title":{"rendered":"Contact"},"content":{"rendered":"<style id=\"wpforms-css-vars-6511\">\n\t\t\t\t#wpforms-6511 {\n\t\t\t\t\n\t\t\t}\n\t\t\t<\/style><div class=\"wpforms-container wpforms-container-full wpforms-render-modern\" id=\"wpforms-6511\"><form id=\"wpforms-form-6511\" class=\"wpforms-validate wpforms-form wpforms-ajax-form\" data-formid=\"6511\" method=\"post\" enctype=\"multipart\/form-data\" action=\"\/en\/wp-json\/wp\/v2\/pages\/440\" data-token=\"ffdbb55af44dff7d45a6b0695e9bac0c\" data-token-time=\"1777213560\" data-trp-original-action=\"\/en\/wp-json\/wp\/v2\/pages\/440\"><noscript class=\"wpforms-error-noscript\">Please enable JavaScript in your browser to complete this form.<\/noscript><div id=\"wpforms-error-noscript\" style=\"display: none;\">Please enable JavaScript in your browser to complete this form.<\/div><div class=\"wpforms-field-container\"><div id=\"wpforms-6511-field_0-container\" class=\"wpforms-field wpforms-field-name\" data-field-id=\"0\"><label class=\"wpforms-field-label\" for=\"wpforms-6511-field_0\">Nome <span class=\"wpforms-required-label\" aria-hidden=\"true\">*<\/span><\/label><input type=\"text\" id=\"wpforms-6511-field_0\" class=\"wpforms-field-medium wpforms-field-required\" name=\"wpforms[fields][0]\" aria-errormessage=\"wpforms-6511-field_0-error\" required><\/div><div id=\"wpforms-6511-field_1-container\" class=\"wpforms-field wpforms-field-email\" data-field-id=\"1\"><label class=\"wpforms-field-label\" for=\"wpforms-6511-field_1\">E-mail <span class=\"wpforms-required-label\" aria-hidden=\"true\">*<\/span><\/label><input type=\"email\" id=\"wpforms-6511-field_1\" class=\"wpforms-field-medium wpforms-field-required\" name=\"wpforms[fields][1]\" spellcheck=\"false\" aria-errormessage=\"wpforms-6511-field_1-error\" required><\/div><div id=\"wpforms-6511-field_8-container\" class=\"wpforms-field wpforms-field-number\" data-field-id=\"8\"><label class=\"wpforms-field-label\" for=\"wpforms-6511-field_8\">Telefone <span class=\"wpforms-required-label\" aria-hidden=\"true\">*<\/span><\/label><input type=\"number\" id=\"wpforms-6511-field_8\" class=\"wpforms-field-medium wpforms-field-required\" name=\"wpforms[fields][8]\" step=\"any\" aria-errormessage=\"wpforms-6511-field_8-error\" required><\/div><div id=\"wpforms-6511-field_6-container\" class=\"wpforms-field wpforms-field-select wpforms-field-select-style-classic\" data-field-id=\"6\"><label class=\"wpforms-field-label\" for=\"wpforms-6511-field_6\">Seu cargo <span class=\"wpforms-required-label\" aria-hidden=\"true\">*<\/span><\/label><select id=\"wpforms-6511-field_6\" class=\"wpforms-field-medium wpforms-field-required\" name=\"wpforms[fields][6]\" required=\"required\"><option value=\"Estagi\u00e1rio\"  class=\"choice-1 depth-1\"  >Estagi\u00e1rio<\/option><option value=\"Assistente\/Analista\"  class=\"choice-2 depth-1\"  >Assistente\/Analista<\/option><option value=\"Coordenador\"  class=\"choice-3 depth-1\"  >Coordenador<\/option><option value=\"Comprador\"  class=\"choice-4 depth-1\"  >Comprador<\/option><option value=\"Gerente\/Encarregado\"  class=\"choice-5 depth-1\"  >Gerente\/Encarregado<\/option><option value=\"Engenheiro\"  class=\"choice-6 depth-1\"  >Engenheiro<\/option><option value=\"Outros\"  class=\"choice-7 depth-1\"  >Outros<\/option><\/select><\/div><div id=\"wpforms-6511-field_7-container\" class=\"wpforms-field wpforms-field-select wpforms-field-select-style-classic\" data-field-id=\"7\"><label class=\"wpforms-field-label\" for=\"wpforms-6511-field_7\">Which of our solutions interests you? <span class=\"wpforms-required-label\" aria-hidden=\"true\">*<\/span><\/label><select id=\"wpforms-6511-field_7\" class=\"wpforms-field-medium wpforms-field-required\" name=\"wpforms[fields][7]\" required=\"required\"><option value=\"Licenciamento- Solicita\u00e7\u00e3o\/Renova\u00e7\u00e3o\"  class=\"choice-1 depth-1\"  >Licenciamento- Solicita\u00e7\u00e3o\/Renova\u00e7\u00e3o<\/option><option value=\"Esta\u00e7\u00e3o de tratamento de \u00e1gua e efluentes\"  class=\"choice-2 depth-1\"  >Esta\u00e7\u00e3o de tratamento de \u00e1gua e efluentes<\/option><option value=\"Estudos ambientais\"  class=\"choice-3 depth-1\"  >Estudos ambientais<\/option><option value=\"Cadastros ambientais (ANP, IBAMA e etc)\"  class=\"choice-4 depth-1\"  >Cadastros ambientais (ANP, IBAMA e etc)<\/option><option value=\"Remedia\u00e7\u00e3o de \u00e1reas contaminadas\"  class=\"choice-5 depth-1\"  >Remedia\u00e7\u00e3o de \u00e1reas contaminadas<\/option><option value=\"Parcerias\"  class=\"choice-6 depth-1\"  >Parcerias<\/option><option value=\"Outros\"  class=\"choice-7 depth-1\"  >Outros<\/option><\/select><\/div><div id=\"wpforms-6511-field_2-container\" class=\"wpforms-field wpforms-field-textarea\" data-field-id=\"2\"><label class=\"wpforms-field-label\" for=\"wpforms-6511-field_2\">Como podemos te ajudar? <span class=\"wpforms-required-label\" aria-hidden=\"true\">*<\/span><\/label><textarea id=\"wpforms-6511-field_2\" class=\"wpforms-field-medium wpforms-field-required\" name=\"wpforms[fields][2]\" aria-errormessage=\"wpforms-6511-field_2-error\" required><\/textarea><\/div><\/div><!-- .wpforms-field-container --><div class=\"wpforms-submit-container\" ><input type=\"hidden\" name=\"wpforms[id]\" value=\"6511\"><input type=\"hidden\" name=\"page_title\" value=\"\"><input type=\"hidden\" name=\"page_url\" value=\"https:\/\/projetoambiental.com.br\/en\/wp-json\/wp\/v2\/pages\/440\"><input type=\"hidden\" name=\"url_referer\" value=\"\"><button type=\"submit\" name=\"wpforms[submit]\" id=\"wpforms-submit-6511\" class=\"wpforms-submit\" data-alt-text=\"Enviando\u2026\" data-submit-text=\"Enviar\" aria-live=\"assertive\" value=\"wpforms-submit\">Send<\/button><img decoding=\"async\" data-src=\"https:\/\/projetoambiental.com.br\/wp-content\/plugins\/wpforms-lite\/assets\/images\/submit-spin.svg\" class=\"wpforms-submit-spinner lazyload\" style=\"--smush-placeholder-width: 26px; --smush-placeholder-aspect-ratio: 26\/26;display: none;\" width=\"26\" height=\"26\" alt=\"Loading\" src=\"data:image\/gif;base64,R0lGODlhAQABAAAAACH5BAEKAAEALAAAAAABAAEAAAICTAEAOw==\"><\/div><input type=\"hidden\" name=\"trp-form-language\" value=\"en\"\/><\/form><\/div>  <!-- .wpforms-container -->","protected":false},"excerpt":{"rendered":"","protected":false},"author":5,"featured_media":0,"parent":0,"menu_order":5,"comment_status":"closed","ping_status":"closed","template":"","meta":{"footnotes":""},"class_list":["post-440","page","type-page","status-publish","hentry"],"acf":[],"yoast_head":"<!-- This site is optimized with the Yoast SEO plugin v27.2 - https:\/\/yoast.com\/product\/yoast-seo-wordpress\/ -->\n<title>Contato - Projeto Ambiental<\/title>\n<meta name=\"description\" content=\"Fale com a equipe da Projeto Ambiental e tenha toda a assessoria ambiental que precisa desde o primeiro contato at\u00e9 a entrega do seu servi\u00e7o.\" \/>\n<meta name=\"robots\" content=\"index, follow, max-snippet:-1, max-image-preview:large, max-video-preview:-1\" \/>\n<link rel=\"canonical\" href=\"https:\/\/projetoambiental.com.br\/en\/contato\/\" \/>\n<meta property=\"og:locale\" content=\"en_US\" \/>\n<meta property=\"og:type\" content=\"article\" \/>\n<meta property=\"og:title\" content=\"Contato - Projeto Ambiental\" \/>\n<meta property=\"og:description\" content=\"Fale com a equipe da Projeto Ambiental e tenha toda a assessoria ambiental que precisa desde o primeiro contato at\u00e9 a entrega do seu servi\u00e7o.\" \/>\n<meta property=\"og:url\" content=\"https:\/\/projetoambiental.com.br\/en\/contato\/\" \/>\n<meta property=\"og:site_name\" content=\"Projeto Ambiental\" \/>\n<meta property=\"article:publisher\" content=\"https:\/\/www.facebook.com\/projeto.ambiental\/\" \/>\n<meta property=\"article:modified_time\" content=\"2025-02-18T15:32:17+00:00\" \/>\n<meta name=\"twitter:card\" content=\"summary_large_image\" \/>\n<meta name=\"twitter:label1\" content=\"Est. reading time\" \/>\n\t<meta name=\"twitter:data1\" content=\"1 minute\" \/>\n<script type=\"application\/ld+json\" class=\"yoast-schema-graph\">{\"@context\":\"https:\/\/schema.org\",\"@graph\":[{\"@type\":\"WebPage\",\"@id\":\"https:\/\/projetoambiental.com.br\/contato\/\",\"url\":\"https:\/\/projetoambiental.com.br\/contato\/\",\"name\":\"Contato - Projeto Ambiental\",\"isPartOf\":{\"@id\":\"https:\/\/projetoambiental.com.br\/#website\"},\"datePublished\":\"2022-10-12T13:52:42+00:00\",\"dateModified\":\"2025-02-18T15:32:17+00:00\",\"description\":\"Fale com a equipe da Projeto Ambiental e tenha toda a assessoria ambiental que precisa desde o primeiro contato at\u00e9 a entrega do seu servi\u00e7o.\",\"breadcrumb\":{\"@id\":\"https:\/\/projetoambiental.com.br\/contato\/#breadcrumb\"},\"inLanguage\":\"en-US\",\"potentialAction\":[{\"@type\":\"ReadAction\",\"target\":[\"https:\/\/projetoambiental.com.br\/contato\/\"]}]},{\"@type\":\"BreadcrumbList\",\"@id\":\"https:\/\/projetoambiental.com.br\/contato\/#breadcrumb\",\"itemListElement\":[{\"@type\":\"ListItem\",\"position\":1,\"name\":\"In\u00edcio\",\"item\":\"https:\/\/projetoambiental.com.br\/\"},{\"@type\":\"ListItem\",\"position\":2,\"name\":\"Contato\"}]},{\"@type\":\"WebSite\",\"@id\":\"https:\/\/projetoambiental.com.br\/#website\",\"url\":\"https:\/\/projetoambiental.com.br\/\",\"name\":\"Projeto Ambiental\",\"description\":\"Solu\u00e7\u00f5es Sustent\u00e1veis para Empresas\",\"publisher\":{\"@id\":\"https:\/\/projetoambiental.com.br\/#organization\"},\"potentialAction\":[{\"@type\":\"SearchAction\",\"target\":{\"@type\":\"EntryPoint\",\"urlTemplate\":\"https:\/\/projetoambiental.com.br\/?s={search_term_string}\"},\"query-input\":{\"@type\":\"PropertyValueSpecification\",\"valueRequired\":true,\"valueName\":\"search_term_string\"}}],\"inLanguage\":\"en-US\"},{\"@type\":\"Organization\",\"@id\":\"https:\/\/projetoambiental.com.br\/#organization\",\"name\":\"Projeto Ambiental\",\"url\":\"https:\/\/projetoambiental.com.br\/\",\"logo\":{\"@type\":\"ImageObject\",\"inLanguage\":\"en-US\",\"@id\":\"https:\/\/projetoambiental.com.br\/#\/schema\/logo\/image\/\",\"url\":\"https:\/\/pambiental.agileprodutora.com.br\/wp-content\/uploads\/2022\/08\/logo-512-192x192-1.png\",\"contentUrl\":\"https:\/\/pambiental.agileprodutora.com.br\/wp-content\/uploads\/2022\/08\/logo-512-192x192-1.png\",\"width\":192,\"height\":192,\"caption\":\"Projeto Ambiental\"},\"image\":{\"@id\":\"https:\/\/projetoambiental.com.br\/#\/schema\/logo\/image\/\"},\"sameAs\":[\"https:\/\/www.facebook.com\/projeto.ambiental\/\",\"https:\/\/www.linkedin.com\/company\/projeto-ambiental\/\",\"https:\/\/www.youtube.com\/channel\/UCQlWXRNBkxo-1NyQMXnugBQ\",\"https:\/\/www.instagram.com\/projeto_ambiental\/\"]}]}<\/script>\n<!-- \/ Yoast SEO plugin. -->","yoast_head_json":{"title":"Contato - Projeto Ambiental","description":"Fale com a equipe da Projeto Ambiental e tenha toda a assessoria ambiental que precisa desde o primeiro contato at\u00e9 a entrega do seu servi\u00e7o.","robots":{"index":"index","follow":"follow","max-snippet":"max-snippet:-1","max-image-preview":"max-image-preview:large","max-video-preview":"max-video-preview:-1"},"canonical":"https:\/\/projetoambiental.com.br\/en\/contato\/","og_locale":"en_US","og_type":"article","og_title":"Contato - Projeto Ambiental","og_description":"Fale com a equipe da Projeto Ambiental e tenha toda a assessoria ambiental que precisa desde o primeiro contato at\u00e9 a entrega do seu servi\u00e7o.","og_url":"https:\/\/projetoambiental.com.br\/en\/contato\/","og_site_name":"Projeto Ambiental","article_publisher":"https:\/\/www.facebook.com\/projeto.ambiental\/","article_modified_time":"2025-02-18T15:32:17+00:00","twitter_card":"summary_large_image","twitter_misc":{"Est. reading time":"1 minute"},"schema":{"@context":"https:\/\/schema.org","@graph":[{"@type":"WebPage","@id":"https:\/\/projetoambiental.com.br\/contato\/","url":"https:\/\/projetoambiental.com.br\/contato\/","name":"Contato - Projeto Ambiental","isPartOf":{"@id":"https:\/\/projetoambiental.com.br\/#website"},"datePublished":"2022-10-12T13:52:42+00:00","dateModified":"2025-02-18T15:32:17+00:00","description":"Fale com a equipe da Projeto Ambiental e tenha toda a assessoria ambiental que precisa desde o primeiro contato at\u00e9 a entrega do seu servi\u00e7o.","breadcrumb":{"@id":"https:\/\/projetoambiental.com.br\/contato\/#breadcrumb"},"inLanguage":"en-US","potentialAction":[{"@type":"ReadAction","target":["https:\/\/projetoambiental.com.br\/contato\/"]}]},{"@type":"BreadcrumbList","@id":"https:\/\/projetoambiental.com.br\/contato\/#breadcrumb","itemListElement":[{"@type":"ListItem","position":1,"name":"In\u00edcio","item":"https:\/\/projetoambiental.com.br\/"},{"@type":"ListItem","position":2,"name":"Contato"}]},{"@type":"WebSite","@id":"https:\/\/projetoambiental.com.br\/#website","url":"https:\/\/projetoambiental.com.br\/","name":"Projeto Ambiental","description":"Solu\u00e7\u00f5es Sustent\u00e1veis para Empresas","publisher":{"@id":"https:\/\/projetoambiental.com.br\/#organization"},"potentialAction":[{"@type":"SearchAction","target":{"@type":"EntryPoint","urlTemplate":"https:\/\/projetoambiental.com.br\/?s={search_term_string}"},"query-input":{"@type":"PropertyValueSpecification","valueRequired":true,"valueName":"search_term_string"}}],"inLanguage":"en-US"},{"@type":"Organization","@id":"https:\/\/projetoambiental.com.br\/#organization","name":"Projeto Ambiental","url":"https:\/\/projetoambiental.com.br\/","logo":{"@type":"ImageObject","inLanguage":"en-US","@id":"https:\/\/projetoambiental.com.br\/#\/schema\/logo\/image\/","url":"https:\/\/pambiental.agileprodutora.com.br\/wp-content\/uploads\/2022\/08\/logo-512-192x192-1.png","contentUrl":"https:\/\/pambiental.agileprodutora.com.br\/wp-content\/uploads\/2022\/08\/logo-512-192x192-1.png","width":192,"height":192,"caption":"Projeto Ambiental"},"image":{"@id":"https:\/\/projetoambiental.com.br\/#\/schema\/logo\/image\/"},"sameAs":["https:\/\/www.facebook.com\/projeto.ambiental\/","https:\/\/www.linkedin.com\/company\/projeto-ambiental\/","https:\/\/www.youtube.com\/channel\/UCQlWXRNBkxo-1NyQMXnugBQ","https:\/\/www.instagram.com\/projeto_ambiental\/"]}]}},"_links":{"self":[{"href":"https:\/\/projetoambiental.com.br\/en\/wp-json\/wp\/v2\/pages\/440","targetHints":{"allow":["GET"]}}],"collection":[{"href":"https:\/\/projetoambiental.com.br\/en\/wp-json\/wp\/v2\/pages"}],"about":[{"href":"https:\/\/projetoambiental.com.br\/en\/wp-json\/wp\/v2\/types\/page"}],"author":[{"embeddable":true,"href":"https:\/\/projetoambiental.com.br\/en\/wp-json\/wp\/v2\/users\/5"}],"replies":[{"embeddable":true,"href":"https:\/\/projetoambiental.com.br\/en\/wp-json\/wp\/v2\/comments?post=440"}],"version-history":[{"count":0,"href":"https:\/\/projetoambiental.com.br\/en\/wp-json\/wp\/v2\/pages\/440\/revisions"}],"wp:attachment":[{"href":"https:\/\/projetoambiental.com.br\/en\/wp-json\/wp\/v2\/media?parent=440"}],"curies":[{"name":"wp","href":"https:\/\/api.w.org\/{rel}","templated":true}]}}